{"id":18271,"date":"2024-12-10T11:26:33","date_gmt":"2024-12-10T10:26:33","guid":{"rendered":"https:\/\/musa.sk\/?post_type=product&#038;p=18271"},"modified":"2025-02-24T11:06:09","modified_gmt":"2025-02-24T10:06:09","slug":"poukazka-na-fotenie-exclusive-2","status":"publish","type":"product","link":"https:\/\/musa.sk\/en\/produkt\/poukazka-na-fotenie-exclusive-2\/","title":{"rendered":"Pouk\u00e1\u017eka na fotenie <span style=\"color:#917c3a\">&#8220;EXCLUSIVE&#8221;<\/span>"},"content":{"rendered":"<p>PLAT\u00cd PRE: UMELECK\u00c9 FOTENIE, FOTENIE PORTR\u00c9TOV, BIZNIS FOTENIE, GLAMOUR FOTENIE, FOTENIE AKTOV<\/p>\n","protected":false},"excerpt":{"rendered":"<p>PLAT\u00cd PRE: UMELECK\u00c9 FOTENIE, FOTENIE PORTR\u00c9TOV, BIZNIS FOTENIE, GLAMOUR FOTENIE, FOTENIE AKTOV<\/p>\n","protected":false},"featured_media":18308,"template":"","meta":{"inline_featured_image":false},"product_brand":[],"product_cat":[38],"product_tag":[],"class_list":{"0":"post-18271","1":"product","2":"type-product","3":"status-publish","4":"has-post-thumbnail","6":"product_cat-final","7":"description-off","9":"first","10":"instock","11":"shipping-taxable","12":"product-type-grouped"},"_links":{"self":[{"href":"https:\/\/musa.sk\/en\/wp-json\/wp\/v2\/product\/18271","targetHints":{"allow":["GET"]}}],"collection":[{"href":"https:\/\/musa.sk\/en\/wp-json\/wp\/v2\/product"}],"about":[{"href":"https:\/\/musa.sk\/en\/wp-json\/wp\/v2\/types\/product"}],"wp:featuredmedia":[{"embeddable":true,"href":"https:\/\/musa.sk\/en\/wp-json\/wp\/v2\/media\/18308"}],"wp:attachment":[{"href":"https:\/\/musa.sk\/en\/wp-json\/wp\/v2\/media?parent=18271"}],"wp:term":[{"taxonomy":"product_brand","embeddable":true,"href":"https:\/\/musa.sk\/en\/wp-json\/wp\/v2\/product_brand?post=18271"},{"taxonomy":"product_cat","embeddable":true,"href":"https:\/\/musa.sk\/en\/wp-json\/wp\/v2\/product_cat?post=18271"},{"taxonomy":"product_tag","embeddable":true,"href":"https:\/\/musa.sk\/en\/wp-json\/wp\/v2\/product_tag?post=18271"}],"curies":[{"name":"wp","href":"https:\/\/api.w.org\/{rel}","templated":true}]}}