{"id":18268,"date":"2025-02-17T11:19:31","date_gmt":"2025-02-17T10:19:31","guid":{"rendered":"https:\/\/musa.sk\/?post_type=product&#038;p=18268"},"modified":"2025-02-24T10:31:49","modified_gmt":"2025-02-24T09:31:49","slug":"poukazka-na-fotenie-printova-verzia-v-darcekovom-baleni-12-e","status":"publish","type":"product","link":"https:\/\/musa.sk\/en\/produkt\/poukazka-na-fotenie-printova-verzia-v-darcekovom-baleni-12-e\/","title":{"rendered":"Pouk\u00e1\u017eka na fotenie &#8211; <span style=\"color:#917c3a\">printov\u00e1 verzia v dar\u010dekovom balen\u00ed + 12 \u20ac<\/span>"},"content":{"rendered":"<p>PLAT\u00cd PRE: UMELECK\u00c9 FOTENIE, FOTENIE PORTR\u00c9TOV, BIZNIS FOTENIE, GLAMOUR FOTENIE, FOTENIE AKTOV<\/p>\n","protected":false},"excerpt":{"rendered":"<p>Ak si zvol\u00edte printov\u00fa verziu pouk\u00e1\u017eky, bude V\u00e1m doru\u010den\u00e1 na Va\u0161u adresu v elegantnom dar\u010dekovom balen\u00ed. Cena pouk\u00e1\u017eky je nav\u00fd\u0161en\u00e1 o sumu 12 \u20ac zah\u0155\u0148aj\u00facu po\u0161tovn\u00e9 a baln\u00e9.<\/p>\n","protected":false},"featured_media":18310,"template":"","meta":{"inline_featured_image":false},"product_brand":[],"product_cat":[46],"product_tag":[],"class_list":{"0":"post-18268","1":"product","2":"type-product","3":"status-publish","4":"has-post-thumbnail","6":"product_cat-uncategorized-sk","7":"description-off","9":"first","10":"instock","11":"shipping-taxable","12":"purchasable","13":"product-type-simple"},"_links":{"self":[{"href":"https:\/\/musa.sk\/en\/wp-json\/wp\/v2\/product\/18268","targetHints":{"allow":["GET"]}}],"collection":[{"href":"https:\/\/musa.sk\/en\/wp-json\/wp\/v2\/product"}],"about":[{"href":"https:\/\/musa.sk\/en\/wp-json\/wp\/v2\/types\/product"}],"wp:featuredmedia":[{"embeddable":true,"href":"https:\/\/musa.sk\/en\/wp-json\/wp\/v2\/media\/18310"}],"wp:attachment":[{"href":"https:\/\/musa.sk\/en\/wp-json\/wp\/v2\/media?parent=18268"}],"wp:term":[{"taxonomy":"product_brand","embeddable":true,"href":"https:\/\/musa.sk\/en\/wp-json\/wp\/v2\/product_brand?post=18268"},{"taxonomy":"product_cat","embeddable":true,"href":"https:\/\/musa.sk\/en\/wp-json\/wp\/v2\/product_cat?post=18268"},{"taxonomy":"product_tag","embeddable":true,"href":"https:\/\/musa.sk\/en\/wp-json\/wp\/v2\/product_tag?post=18268"}],"curies":[{"name":"wp","href":"https:\/\/api.w.org\/{rel}","templated":true}]}}