{"id":18267,"date":"2025-02-17T11:19:40","date_gmt":"2025-02-17T10:19:40","guid":{"rendered":"https:\/\/musa.sk\/?post_type=product&#038;p=18267"},"modified":"2025-02-24T10:31:40","modified_gmt":"2025-02-24T09:31:40","slug":"poukazka-na-fotenie-elektronicka-verzia","status":"publish","type":"product","link":"https:\/\/musa.sk\/en\/produkt\/poukazka-na-fotenie-elektronicka-verzia\/","title":{"rendered":"Pouk\u00e1\u017eka na fotenie &#8211; <span style=\"color:#917c3a\">elektronick\u00e1 verzia<\/span>"},"content":{"rendered":"<p>PLAT\u00cd PRE: UMELECK\u00c9 FOTENIE, FOTENIE PORTR\u00c9TOV, BIZNIS FOTENIE, GLAMOUR FOTENIE, FOTENIE AKTOV<\/p>\n","protected":false},"excerpt":{"rendered":"<p>Ak si zvol\u00edte elektronick\u00fa verziu pouk\u00e1\u017eky, budete po online platbe presmerovan\u00ed na str\u00e1nku, kde si ju budete m\u00f4c\u0165 stiahnu\u0165.<\/p>\n","protected":false},"featured_media":18310,"template":"","meta":{"inline_featured_image":false},"product_brand":[],"product_cat":[46],"product_tag":[],"class_list":{"0":"post-18267","1":"product","2":"type-product","3":"status-publish","4":"has-post-thumbnail","6":"product_cat-uncategorized-sk","7":"description-off","9":"first","10":"instock","11":"downloadable","12":"shipping-taxable","13":"purchasable","14":"product-type-simple"},"_links":{"self":[{"href":"https:\/\/musa.sk\/en\/wp-json\/wp\/v2\/product\/18267","targetHints":{"allow":["GET"]}}],"collection":[{"href":"https:\/\/musa.sk\/en\/wp-json\/wp\/v2\/product"}],"about":[{"href":"https:\/\/musa.sk\/en\/wp-json\/wp\/v2\/types\/product"}],"wp:featuredmedia":[{"embeddable":true,"href":"https:\/\/musa.sk\/en\/wp-json\/wp\/v2\/media\/18310"}],"wp:attachment":[{"href":"https:\/\/musa.sk\/en\/wp-json\/wp\/v2\/media?parent=18267"}],"wp:term":[{"taxonomy":"product_brand","embeddable":true,"href":"https:\/\/musa.sk\/en\/wp-json\/wp\/v2\/product_brand?post=18267"},{"taxonomy":"product_cat","embeddable":true,"href":"https:\/\/musa.sk\/en\/wp-json\/wp\/v2\/product_cat?post=18267"},{"taxonomy":"product_tag","embeddable":true,"href":"https:\/\/musa.sk\/en\/wp-json\/wp\/v2\/product_tag?post=18267"}],"curies":[{"name":"wp","href":"https:\/\/api.w.org\/{rel}","templated":true}]}}