{"id":16860,"date":"2023-11-29T17:01:31","date_gmt":"2023-11-29T16:01:31","guid":{"rendered":"https:\/\/musa.sk\/produkt\/poukazka-na-fotenie-v-hodnote-50-e-elektronicka-verzia\/"},"modified":"2024-07-02T13:24:44","modified_gmt":"2024-07-02T11:24:44","slug":"poukazka-na-fotenie-v-hodnote-50-e-elektronicka-verzia","status":"publish","type":"product","link":"https:\/\/musa.sk\/en\/produkt\/poukazka-na-fotenie-v-hodnote-50-e-elektronicka-verzia\/","title":{"rendered":"50 \u20ac photography voucher &#8211; electronic version"},"content":{"rendered":"","protected":false},"excerpt":{"rendered":"<p>Ak si zvol\u00edte elektronick\u00fa verziu pouk\u00e1\u017eky, budete po online platbe presmerovan\u00ed na str\u00e1nku, kde si ju budete m\u00f4c\u0165 stiahnu\u0165.<\/p>\n","protected":false},"featured_media":18313,"template":"","meta":{"inline_featured_image":false},"product_brand":[],"product_cat":[15],"product_tag":[],"class_list":{"0":"post-16860","1":"product","2":"type-product","3":"status-publish","4":"has-post-thumbnail","6":"product_cat-uncategorized","7":"description-off","9":"first","10":"instock","11":"downloadable","12":"shipping-taxable","13":"purchasable","14":"product-type-simple"},"_links":{"self":[{"href":"https:\/\/musa.sk\/en\/wp-json\/wp\/v2\/product\/16860","targetHints":{"allow":["GET"]}}],"collection":[{"href":"https:\/\/musa.sk\/en\/wp-json\/wp\/v2\/product"}],"about":[{"href":"https:\/\/musa.sk\/en\/wp-json\/wp\/v2\/types\/product"}],"wp:featuredmedia":[{"embeddable":true,"href":"https:\/\/musa.sk\/en\/wp-json\/wp\/v2\/media\/18313"}],"wp:attachment":[{"href":"https:\/\/musa.sk\/en\/wp-json\/wp\/v2\/media?parent=16860"}],"wp:term":[{"taxonomy":"product_brand","embeddable":true,"href":"https:\/\/musa.sk\/en\/wp-json\/wp\/v2\/product_brand?post=16860"},{"taxonomy":"product_cat","embeddable":true,"href":"https:\/\/musa.sk\/en\/wp-json\/wp\/v2\/product_cat?post=16860"},{"taxonomy":"product_tag","embeddable":true,"href":"https:\/\/musa.sk\/en\/wp-json\/wp\/v2\/product_tag?post=16860"}],"curies":[{"name":"wp","href":"https:\/\/api.w.org\/{rel}","templated":true}]}}