{"id":16842,"date":"2023-11-29T17:26:55","date_gmt":"2023-11-29T16:26:55","guid":{"rendered":"https:\/\/musa.sk\/produkt\/poukazka-na-fotenie-baby-elektronicka-verzia\/"},"modified":"2024-07-02T13:21:41","modified_gmt":"2024-07-02T11:21:41","slug":"poukazka-na-fotenie-baby-elektronicka-verzia","status":"publish","type":"product","link":"https:\/\/musa.sk\/en\/produkt\/poukazka-na-fotenie-baby-elektronicka-verzia\/","title":{"rendered":"Voucher for photography &#8220;BABY&#8221; &#8211; electronic version"},"content":{"rendered":"","protected":false},"excerpt":{"rendered":"<p>Ak si zvol\u00edte elektronick\u00fa verziu pouk\u00e1\u017eky, budete po online platbe presmerovan\u00ed na str\u00e1nku, kde si ju budete m\u00f4c\u0165 stiahnu\u0165.<\/p>\n","protected":false},"featured_media":16538,"template":"","meta":{"inline_featured_image":false},"product_brand":[],"product_cat":[15],"product_tag":[],"class_list":{"0":"post-16842","1":"product","2":"type-product","3":"status-publish","4":"has-post-thumbnail","6":"product_cat-uncategorized","7":"description-off","9":"first","10":"instock","11":"downloadable","12":"virtual","13":"purchasable","14":"product-type-simple"},"_links":{"self":[{"href":"https:\/\/musa.sk\/en\/wp-json\/wp\/v2\/product\/16842","targetHints":{"allow":["GET"]}}],"collection":[{"href":"https:\/\/musa.sk\/en\/wp-json\/wp\/v2\/product"}],"about":[{"href":"https:\/\/musa.sk\/en\/wp-json\/wp\/v2\/types\/product"}],"wp:featuredmedia":[{"embeddable":true,"href":"https:\/\/musa.sk\/en\/wp-json\/wp\/v2\/media\/16538"}],"wp:attachment":[{"href":"https:\/\/musa.sk\/en\/wp-json\/wp\/v2\/media?parent=16842"}],"wp:term":[{"taxonomy":"product_brand","embeddable":true,"href":"https:\/\/musa.sk\/en\/wp-json\/wp\/v2\/product_brand?post=16842"},{"taxonomy":"product_cat","embeddable":true,"href":"https:\/\/musa.sk\/en\/wp-json\/wp\/v2\/product_cat?post=16842"},{"taxonomy":"product_tag","embeddable":true,"href":"https:\/\/musa.sk\/en\/wp-json\/wp\/v2\/product_tag?post=16842"}],"curies":[{"name":"wp","href":"https:\/\/api.w.org\/{rel}","templated":true}]}}