{"id":16622,"date":"2023-11-18T12:48:20","date_gmt":"2023-11-18T11:48:20","guid":{"rendered":"https:\/\/musa.sk\/kosik\/"},"modified":"2024-07-02T13:03:53","modified_gmt":"2024-07-02T11:03:53","slug":"kosik","status":"publish","type":"page","link":"https:\/\/musa.sk\/en\/kosik\/","title":{"rendered":"KO\u0160\u00cdK"},"content":{"rendered":"\t\t<div data-elementor-type=\"wp-page\" data-elementor-id=\"16622\" class=\"elementor elementor-16622 elementor-15235\" data-elementor-post-type=\"page\">\n\t\t\t\t\t\t<section class=\"elementor-section elementor-top-section elementor-element elementor-element-a78ef5b elementor-section-boxed elementor-section-height-default elementor-section-height-default\" data-id=\"a78ef5b\" data-element_type=\"section\" data-e-type=\"section\" data-settings=\"{&quot;background_background&quot;:&quot;classic&quot;}\">\n\t\t\t\t\t\t<div class=\"elementor-container elementor-column-gap-default\">\n\t\t\t\t\t<div class=\"elementor-column elementor-col-100 elementor-top-column elementor-element elementor-element-753c575\" data-id=\"753c575\" data-element_type=\"column\" data-e-type=\"column\">\n\t\t\t<div class=\"elementor-widget-wrap elementor-element-populated\">\n\t\t\t\t\t\t<div class=\"elementor-element elementor-element-defd5db elementor-widget elementor-widget-heading\" data-id=\"defd5db\" data-element_type=\"widget\" data-e-type=\"widget\" data-widget_type=\"heading.default\">\n\t\t\t\t<div class=\"elementor-widget-container\">\n\t\t\t\t\t<h2 class=\"elementor-heading-title elementor-size-default\">YOUR CART<\/h2>\t\t\t\t<\/div>\n\t\t\t\t<\/div>\n\t\t\t\t<div class=\"elementor-element elementor-element-0777a47 elementor-widget-divider--view-line elementor-widget elementor-widget-divider\" data-id=\"0777a47\" data-element_type=\"widget\" data-e-type=\"widget\" data-widget_type=\"divider.default\">\n\t\t\t\t<div class=\"elementor-widget-container\">\n\t\t\t\t\t\t\t<div class=\"elementor-divider\">\n\t\t\t<span class=\"elementor-divider-separator\">\n\t\t\t\t\t\t<\/span>\n\t\t<\/div>\n\t\t\t\t\t\t<\/div>\n\t\t\t\t<\/div>\n\t\t\t\t<div class=\"elementor-element elementor-element-91132fa e-cart-layout-one-column elementor-widget elementor-widget-woocommerce-cart\" data-id=\"91132fa\" data-element_type=\"widget\" data-e-type=\"widget\" data-widget_type=\"woocommerce-cart.default\">\n\t\t\t\t<div class=\"elementor-widget-container\">\n\t\t\t\t\t<div class=\"woocommerce\"><div class=\"woocommerce-notices-wrapper\"><\/div><div class=\"wc-empty-cart-message\">\n\t<div class=\"cart-empty woocommerce-info\" role=\"status\">\n\t\tV\u00e1\u0161 ko\u0161\u00edk is currently empty.\t<\/div>\n<\/div>\t<p class=\"return-to-shop\">\n\t\t<a class=\"button wc-backward\" href=\"https:\/\/musa.sk\/en\/shop\/\">\n\t\t\tReturn to shop\t\t<\/a>\n\t<\/p>\n<\/div>\t\t\t\t<\/div>\n\t\t\t\t<\/div>\n\t\t\t\t\t<\/div>\n\t\t<\/div>\n\t\t\t\t\t<\/div>\n\t\t<\/section>\n\t\t\t\t<section class=\"elementor-section elementor-top-section elementor-element elementor-element-1be6d12 elementor-section-boxed elementor-section-height-default elementor-section-height-default\" data-id=\"1be6d12\" data-element_type=\"section\" data-e-type=\"section\" data-settings=\"{&quot;background_background&quot;:&quot;classic&quot;}\">\n\t\t\t\t\t\t<div class=\"elementor-container elementor-column-gap-default\">\n\t\t\t\t\t<div class=\"elementor-column elementor-col-100 elementor-top-column elementor-element elementor-element-be15e98\" data-id=\"be15e98\" data-element_type=\"column\" data-e-type=\"column\">\n\t\t\t<div class=\"elementor-widget-wrap elementor-element-populated\">\n\t\t\t\t\t\t<div class=\"elementor-element elementor-element-7a93e9e elementor-widget elementor-widget-heading\" data-id=\"7a93e9e\" data-element_type=\"widget\" data-e-type=\"widget\" data-widget_type=\"heading.default\">\n\t\t\t\t<div class=\"elementor-widget-container\">\n\t\t\t\t\t<h2 class=\"elementor-heading-title elementor-size-default\">ORDER<\/h2>\t\t\t\t<\/div>\n\t\t\t\t<\/div>\n\t\t\t\t<div class=\"elementor-element elementor-element-d12551b elementor-widget-divider--view-line elementor-widget elementor-widget-divider\" data-id=\"d12551b\" data-element_type=\"widget\" data-e-type=\"widget\" data-widget_type=\"divider.default\">\n\t\t\t\t<div class=\"elementor-widget-container\">\n\t\t\t\t\t\t\t<div class=\"elementor-divider\">\n\t\t\t<span class=\"elementor-divider-separator\">\n\t\t\t\t\t\t<\/span>\n\t\t<\/div>\n\t\t\t\t\t\t<\/div>\n\t\t\t\t<\/div>\n\t\t\t\t<div class=\"elementor-element elementor-element-19e1b91 elementor-widget elementor-widget-wc-elements\" data-id=\"19e1b91\" data-element_type=\"widget\" data-e-type=\"widget\" data-widget_type=\"wc-elements.default\">\n\t\t\t\t<div class=\"elementor-widget-container\">\n\t\t\t\t\t<div class=\"woocommerce\"><div class=\"woocommerce-notices-wrapper\"><\/div><\/div>\t\t\t\t<\/div>\n\t\t\t\t<\/div>\n\t\t\t\t\t<\/div>\n\t\t<\/div>\n\t\t\t\t\t<\/div>\n\t\t<\/section>\n\t\t\t\t<\/div>\n\t\t","protected":false},"excerpt":{"rendered":"<p>YOUR CART Produkt Cena Mno\u017estvo Medzis\u00fa\u010det Pouk\u00e1\u017eka na fotenie v hodnote 200 \u20ac &#8211; printov\u00e1 verzia 210woocommerce_Cena_decimal_sep00&nbsp;&euro; Pouk\u00e1\u017eka na fotenie v hodnote 200 \u20ac &#8211; printov\u00e1 verzia Mno\u017estvo 210woocommerce_Cena_decimal_sep00&nbsp;&euro; SUMMARY Medzis\u00fa\u010det 210woocommerce_Cena_decimal_sep00&nbsp;&euro; S\u00da\u010cET 210woocommerce_Cena_decimal_sep00&nbsp;&euro; PROCEED TO ORDER ORDER<\/p>\n","protected":false},"author":1,"featured_media":0,"parent":0,"menu_order":0,"comment_status":"closed","ping_status":"open","template":"elementor_header_footer","meta":{"inline_featured_image":false,"footnotes":""},"class_list":["post-16622","page","type-page","status-publish","hentry"],"_links":{"self":[{"href":"https:\/\/musa.sk\/en\/wp-json\/wp\/v2\/pages\/16622","targetHints":{"allow":["GET"]}}],"collection":[{"href":"https:\/\/musa.sk\/en\/wp-json\/wp\/v2\/pages"}],"about":[{"href":"https:\/\/musa.sk\/en\/wp-json\/wp\/v2\/types\/page"}],"author":[{"embeddable":true,"href":"https:\/\/musa.sk\/en\/wp-json\/wp\/v2\/users\/1"}],"replies":[{"embeddable":true,"href":"https:\/\/musa.sk\/en\/wp-json\/wp\/v2\/comments?post=16622"}],"version-history":[{"count":6,"href":"https:\/\/musa.sk\/en\/wp-json\/wp\/v2\/pages\/16622\/revisions"}],"predecessor-version":[{"id":16840,"href":"https:\/\/musa.sk\/en\/wp-json\/wp\/v2\/pages\/16622\/revisions\/16840"}],"wp:attachment":[{"href":"https:\/\/musa.sk\/en\/wp-json\/wp\/v2\/media?parent=16622"}],"curies":[{"name":"wp","href":"https:\/\/api.w.org\/{rel}","templated":true}]}}